{"id":17,"date":"2021-01-17T03:40:40","date_gmt":"2021-01-17T02:40:40","guid":{"rendered":"https:\/\/msphotographics.de\/?page_id=17"},"modified":"2025-07-10T14:43:37","modified_gmt":"2025-07-10T12:43:37","slug":"impressum-disclaimer","status":"publish","type":"page","link":"https:\/\/msphotographics.de\/en\/impressum-disclaimer\/","title":{"rendered":"Imprint \/ Disclaimer"},"content":{"rendered":"<p>[et_pb_section fb_built=&#8220;1&#8243; next_background_color=&#8220;#ffffff&#8220; _builder_version=&#8220;4.16&#8243; _module_preset=&#8220;default&#8220; use_background_color_gradient=&#8220;on&#8220; background_color_gradient_direction=&#8220;130deg&#8220; background_color_gradient_stops=&#8220;#3d3d3d 25%|#adadad 100%&#8220; background_color_gradient_start=&#8220;#3d3d3d&#8220; background_color_gradient_start_position=&#8220;25%&#8220; background_color_gradient_end=&#8220;#adadad&#8220; bottom_divider_style=&#8220;ramp2&#8243; bottom_divider_flip=&#8220;horizontal&#8220; global_colors_info=&#8220;{}&#8220;][et_pb_row _builder_version=&#8220;4.16&#8243; _module_preset=&#8220;default&#8220; max_width=&#8220;100%&#8220; global_colors_info=&#8220;{}&#8220;][et_pb_column type=&#8220;4_4&#8243; _builder_version=&#8220;4.16&#8243; _module_preset=&#8220;default&#8220; global_colors_info=&#8220;{}&#8220;][et_pb_text _builder_version=&#8220;4.16&#8243; _dynamic_attributes=&#8220;content&#8220; _module_preset=&#8220;default&#8220; text_font=&#8220;Roboto|700|||||||&#8220; text_text_color=&#8220;#FFFFFF&#8220; text_font_size=&#8220;16px&#8220; text_line_height=&#8220;1.8em&#8220; header_font=&#8220;Roboto|700|||||||&#8220; header_text_color=&#8220;#FFFFFF&#8220; header_font_size=&#8220;60px&#8220; header_line_height=&#8220;1.2em&#8220; text_orientation=&#8220;center&#8220; header_font_size_tablet=&#8220;40px&#8220; header_font_size_phone=&#8220;32px&#8220; header_font_size_last_edited=&#8220;on|desktop&#8220; header_line_height_last_edited=&#8220;off|desktop&#8220; global_colors_info=&#8220;{}&#8220;]@ET-DC@eyJkeW5hbWljIjp0cnVlLCJjb250ZW50IjoicG9zdF90aXRsZSIsInNldHRpbmdzIjp7ImJlZm9yZSI6IjxoMT4iLCJhZnRlciI6IjwvaDE+In19@[\/et_pb_text][\/et_pb_column][\/et_pb_row][\/et_pb_section][et_pb_section fb_built=&#8220;1&#8243; _builder_version=&#8220;4.16&#8243; _module_preset=&#8220;default&#8220; global_colors_info=&#8220;{}&#8220;][et_pb_row _builder_version=&#8220;4.16&#8243; _module_preset=&#8220;default&#8220; global_colors_info=&#8220;{}&#8220;][et_pb_column type=&#8220;4_4&#8243; _builder_version=&#8220;4.16&#8243; _module_preset=&#8220;default&#8220; global_colors_info=&#8220;{}&#8220;][et_pb_text _builder_version=&#8220;4.27.4&#8243; _module_preset=&#8220;default&#8220; hover_enabled=&#8220;0&#8243; global_colors_info=&#8220;{}&#8220; sticky_enabled=&#8220;0&#8243;]<\/p>\n<h2>Angaben gem\u00e4\u00df \u00a7 5 TMG<\/h2>\n<p>Matthias Sichert<\/p>\n<p>Heping Village 58, Geb\u00e4ude 4, Wohnung 2001<\/p>\n<p>100102 Beijing<\/p>\n<h2>Kontakt<\/h2>\n<p>Telefon: +8613121081769<\/p>\n<p>E-Mail: info@msphotographics.de<\/p>\n<h2>Redaktionell Verantwortlicher<\/h2>\n<p>Matthias Sichert<\/p>\n<p>Terlaner Str. 17<\/p>\n<p>86316 Friedberg<\/p>\n<h3>Haftung f\u00fcr Inhalte<\/h3>\n<p>Als Diensteanbieter sind wir gem\u00e4\u00df \u00a7 7 Abs.1 TMG f\u00fcr eigene Inhalte auf diesen Seiten nach den allgemeinen Gesetzen verantwortlich. Nach \u00a7\u00a7 8 bis 10 TMG sind wir als Diensteanbieter jedoch nicht verpflichtet, \u00fcbermittelte oder gespeicherte fremde Informationen zu \u00fcberwachen oder nach Umst\u00e4nden zu forschen, die auf eine rechtswidrige T\u00e4tigkeit hinweisen.<\/p>\n<p>Verpflichtungen zur Entfernung oder Sperrung der Nutzung von Informationen nach den allgemeinen Gesetzen bleiben hiervon unber\u00fchrt. Eine diesbez\u00fcgliche Haftung ist jedoch erst ab dem Zeitpunkt der Kenntnis einer konkreten Rechtsverletzung m\u00f6glich. Bei Bekanntwerden von entsprechenden Rechtsverletzungen werden wir diese Inhalte umgehend entfernen.<\/p>\n<h3>Haftung f\u00fcr Links<\/h3>\n<p>Unser Angebot enth\u00e4lt Links zu externen Websites Dritter, auf deren Inhalte wir keinen Einfluss haben. Deshalb k\u00f6nnen wir f\u00fcr diese fremden Inhalte auch keine Gew\u00e4hr \u00fcbernehmen. F\u00fcr die Inhalte der verlinkten Seiten ist stets der jeweilige Anbieter oder Betreiber der Seiten verantwortlich. Die verlinkten Seiten wurden zum Zeitpunkt der Verlinkung auf m\u00f6gliche Rechtsverst\u00f6\u00dfe \u00fcberpr\u00fcft. Rechtswidrige Inhalte waren zum Zeitpunkt der Verlinkung nicht erkennbar.<\/p>\n<p>Eine permanente inhaltliche Kontrolle der verlinkten Seiten ist jedoch ohne konkrete Anhaltspunkte einer Rechtsverletzung nicht zumutbar. Bei Bekanntwerden von Rechtsverletzungen werden wir derartige Links umgehend entfernen.<\/p>\n<h3>Urheberrecht<\/h3>\n<p>Die durch die Seitenbetreiber erstellten Inhalte und Werke auf diesen Seiten unterliegen dem deutschen Urheberrecht. Die Vervielf\u00e4ltigung, Bearbeitung, Verbreitung und jede Art der Verwertung au\u00dferhalb der Grenzen des Urheberrechtes bed\u00fcrfen der schriftlichen Zustimmung des jeweiligen Autors bzw. Erstellers. Downloads und Kopien dieser Seite sind nur f\u00fcr den privaten, nicht kommerziellen Gebrauch gestattet.<\/p>\n<p>Soweit die Inhalte auf dieser Seite nicht vom Betreiber erstellt wurden, werden die Urheberrechte Dritter beachtet. Insbesondere werden Inhalte Dritter als solche gekennzeichnet. Sollten Sie trotzdem auf eine Urheberrechtsverletzung aufmerksam werden, bitten wir um einen entsprechenden Hinweis. Bei Bekanntwerden von Rechtsverletzungen werden wir derartige Inhalte umgehend entfernen.<\/p>\n<p>[\/et_pb_text][\/et_pb_column][\/et_pb_row][\/et_pb_section]<\/p>\n<!-- AddThis Advanced Settings generic via filter on the_content --><!-- AddThis Share Buttons generic via filter on the_content -->","protected":false},"excerpt":{"rendered":"<p>Angaben gem\u00e4\u00df \u00a7 5 TMG Matthias Sichert Heping Village 58, Geb\u00e4ude 4, Wohnung 2001 100102 Beijing Kontakt Telefon: +8613121081769 E-Mail: info@msphotographics.de Redaktionell Verantwortlicher Matthias Sichert Terlaner Str. 17 86316 Friedberg Haftung f\u00fcr Inhalte Als Diensteanbieter sind wir gem\u00e4\u00df \u00a7 7 Abs.1 TMG f\u00fcr eigene Inhalte auf diesen Seiten nach den allgemeinen Gesetzen verantwortlich. Nach \u00a7\u00a7 [&hellip;]<\/p>\n<p><!-- AddThis Advanced Settings generic via filter on get_the_excerpt --><!-- AddThis Share Buttons generic via filter on get_the_excerpt --><\/p>\n","protected":false},"author":1,"featured_media":0,"parent":0,"menu_order":0,"comment_status":"closed","ping_status":"closed","template":"","meta":{"_et_pb_use_builder":"on","_et_pb_old_content":"<!-- wp:divi\/placeholder \/-->","_et_gb_content_width":"","footnotes":""},"class_list":["post-17","page","type-page","status-publish","hentry"],"yoast_head":"<!-- This site is optimized with the Yoast SEO Premium plugin v27.3 (Yoast SEO v27.3) - https:\/\/yoast.com\/product\/yoast-seo-premium-wordpress\/ -->\n<title>Impressum \/ Disclaimer &#8902; Fotografie, Reisen &amp; mehr<\/title>\n<meta name=\"robots\" content=\"noindex, follow\" \/>\n<meta property=\"og:locale\" content=\"en_US\" \/>\n<meta property=\"og:type\" content=\"article\" \/>\n<meta property=\"og:title\" content=\"Impressum \/ Disclaimer\" \/>\n<meta property=\"og:url\" content=\"https:\/\/msphotographics.de\/en\/impressum-disclaimer\/\" \/>\n<meta property=\"og:site_name\" content=\"Fotografie, Reisen &amp; mehr\" \/>\n<meta property=\"article:modified_time\" content=\"2025-07-10T12:43:37+00:00\" \/>\n<meta name=\"twitter:card\" content=\"summary_large_image\" \/>\n<meta name=\"twitter:label1\" content=\"Est. reading time\" \/>\n\t<meta name=\"twitter:data1\" content=\"2 minutes\" \/>\n<script type=\"application\/ld+json\" class=\"yoast-schema-graph\">{\"@context\":\"https:\\\/\\\/schema.org\",\"@graph\":[{\"@type\":\"WebPage\",\"@id\":\"https:\\\/\\\/msphotographics.de\\\/impressum-disclaimer\\\/\",\"url\":\"https:\\\/\\\/msphotographics.de\\\/impressum-disclaimer\\\/\",\"name\":\"Impressum \\\/ Disclaimer &#8902; Fotografie, Reisen &amp; mehr\",\"isPartOf\":{\"@id\":\"https:\\\/\\\/msphotographics.de\\\/de\\\/#website\"},\"datePublished\":\"2021-01-17T02:40:40+00:00\",\"dateModified\":\"2025-07-10T12:43:37+00:00\",\"breadcrumb\":{\"@id\":\"https:\\\/\\\/msphotographics.de\\\/impressum-disclaimer\\\/#breadcrumb\"},\"inLanguage\":\"en-US\",\"potentialAction\":[{\"@type\":\"ReadAction\",\"target\":[\"https:\\\/\\\/msphotographics.de\\\/impressum-disclaimer\\\/\"]}]},{\"@type\":\"BreadcrumbList\",\"@id\":\"https:\\\/\\\/msphotographics.de\\\/impressum-disclaimer\\\/#breadcrumb\",\"itemListElement\":[{\"@type\":\"ListItem\",\"position\":1,\"name\":\"Startseite\",\"item\":\"https:\\\/\\\/msphotographics.de\\\/de\\\/\"},{\"@type\":\"ListItem\",\"position\":2,\"name\":\"Impressum \\\/ Disclaimer\"}]},{\"@type\":\"WebSite\",\"@id\":\"https:\\\/\\\/msphotographics.de\\\/de\\\/#website\",\"url\":\"https:\\\/\\\/msphotographics.de\\\/de\\\/\",\"name\":\"Fotografie, Reisen &amp; mehr\",\"description\":\"msphotographics.de \u2013 Fotografie, Reisen &amp; mehr\",\"publisher\":{\"@id\":\"https:\\\/\\\/msphotographics.de\\\/de\\\/#\\\/schema\\\/person\\\/995947ba8b7b2717c6f11f1b14b45e78\"},\"potentialAction\":[{\"@type\":\"SearchAction\",\"target\":{\"@type\":\"EntryPoint\",\"urlTemplate\":\"https:\\\/\\\/msphotographics.de\\\/de\\\/?s={search_term_string}\"},\"query-input\":{\"@type\":\"PropertyValueSpecification\",\"valueRequired\":true,\"valueName\":\"search_term_string\"}}],\"inLanguage\":\"en-US\"},{\"@type\":[\"Person\",\"Organization\"],\"@id\":\"https:\\\/\\\/msphotographics.de\\\/de\\\/#\\\/schema\\\/person\\\/995947ba8b7b2717c6f11f1b14b45e78\",\"name\":\"M.S.Photographics\",\"image\":{\"@type\":\"ImageObject\",\"inLanguage\":\"en-US\",\"@id\":\"https:\\\/\\\/secure.gravatar.com\\\/avatar\\\/3058451759438ba90a082fe154ccc9e73b6793f476dacac396b9545b99eff8a3?s=96&d=mm&r=g\",\"url\":\"https:\\\/\\\/secure.gravatar.com\\\/avatar\\\/3058451759438ba90a082fe154ccc9e73b6793f476dacac396b9545b99eff8a3?s=96&d=mm&r=g\",\"contentUrl\":\"https:\\\/\\\/secure.gravatar.com\\\/avatar\\\/3058451759438ba90a082fe154ccc9e73b6793f476dacac396b9545b99eff8a3?s=96&d=mm&r=g\",\"caption\":\"M.S.Photographics\"},\"logo\":{\"@id\":\"https:\\\/\\\/secure.gravatar.com\\\/avatar\\\/3058451759438ba90a082fe154ccc9e73b6793f476dacac396b9545b99eff8a3?s=96&d=mm&r=g\"},\"sameAs\":[\"https:\\\/\\\/msphotographics.de\",\"https:\\\/\\\/www.instagram.com\\\/m.s.photographics\\\/\",\"https:\\\/\\\/www.youtube.com\\\/channel\\\/UC3KuRDk11lqPgeInWMM1daQ\"]}]}<\/script>\n<!-- \/ Yoast SEO Premium plugin. -->","yoast_head_json":{"title":"Impressum \/ Disclaimer &#8902; Fotografie, Reisen &amp; mehr","robots":{"index":"noindex","follow":"follow"},"og_locale":"en_US","og_type":"article","og_title":"Impressum \/ Disclaimer","og_url":"https:\/\/msphotographics.de\/en\/impressum-disclaimer\/","og_site_name":"Fotografie, Reisen &amp; mehr","article_modified_time":"2025-07-10T12:43:37+00:00","twitter_card":"summary_large_image","twitter_misc":{"Est. reading time":"2 minutes"},"schema":{"@context":"https:\/\/schema.org","@graph":[{"@type":"WebPage","@id":"https:\/\/msphotographics.de\/impressum-disclaimer\/","url":"https:\/\/msphotographics.de\/impressum-disclaimer\/","name":"Impressum \/ Disclaimer &#8902; Fotografie, Reisen &amp; mehr","isPartOf":{"@id":"https:\/\/msphotographics.de\/de\/#website"},"datePublished":"2021-01-17T02:40:40+00:00","dateModified":"2025-07-10T12:43:37+00:00","breadcrumb":{"@id":"https:\/\/msphotographics.de\/impressum-disclaimer\/#breadcrumb"},"inLanguage":"en-US","potentialAction":[{"@type":"ReadAction","target":["https:\/\/msphotographics.de\/impressum-disclaimer\/"]}]},{"@type":"BreadcrumbList","@id":"https:\/\/msphotographics.de\/impressum-disclaimer\/#breadcrumb","itemListElement":[{"@type":"ListItem","position":1,"name":"Startseite","item":"https:\/\/msphotographics.de\/de\/"},{"@type":"ListItem","position":2,"name":"Impressum \/ Disclaimer"}]},{"@type":"WebSite","@id":"https:\/\/msphotographics.de\/de\/#website","url":"https:\/\/msphotographics.de\/de\/","name":"Photography, travel &amp; more","description":"msphotographics.de \u2013 Fotografie, Reisen &amp; mehr","publisher":{"@id":"https:\/\/msphotographics.de\/de\/#\/schema\/person\/995947ba8b7b2717c6f11f1b14b45e78"},"potentialAction":[{"@type":"SearchAction","target":{"@type":"EntryPoint","urlTemplate":"https:\/\/msphotographics.de\/de\/?s={search_term_string}"},"query-input":{"@type":"PropertyValueSpecification","valueRequired":true,"valueName":"search_term_string"}}],"inLanguage":"en-US"},{"@type":["Person","Organization"],"@id":"https:\/\/msphotographics.de\/de\/#\/schema\/person\/995947ba8b7b2717c6f11f1b14b45e78","name":"M.S.Photographics","image":{"@type":"ImageObject","inLanguage":"en-US","@id":"https:\/\/secure.gravatar.com\/avatar\/3058451759438ba90a082fe154ccc9e73b6793f476dacac396b9545b99eff8a3?s=96&d=mm&r=g","url":"https:\/\/secure.gravatar.com\/avatar\/3058451759438ba90a082fe154ccc9e73b6793f476dacac396b9545b99eff8a3?s=96&d=mm&r=g","contentUrl":"https:\/\/secure.gravatar.com\/avatar\/3058451759438ba90a082fe154ccc9e73b6793f476dacac396b9545b99eff8a3?s=96&d=mm&r=g","caption":"M.S.Photographics"},"logo":{"@id":"https:\/\/secure.gravatar.com\/avatar\/3058451759438ba90a082fe154ccc9e73b6793f476dacac396b9545b99eff8a3?s=96&d=mm&r=g"},"sameAs":["https:\/\/msphotographics.de","https:\/\/www.instagram.com\/m.s.photographics\/","https:\/\/www.youtube.com\/channel\/UC3KuRDk11lqPgeInWMM1daQ"]}]}},"_links":{"self":[{"href":"https:\/\/msphotographics.de\/en\/wp-json\/wp\/v2\/pages\/17","targetHints":{"allow":["GET"]}}],"collection":[{"href":"https:\/\/msphotographics.de\/en\/wp-json\/wp\/v2\/pages"}],"about":[{"href":"https:\/\/msphotographics.de\/en\/wp-json\/wp\/v2\/types\/page"}],"author":[{"embeddable":true,"href":"https:\/\/msphotographics.de\/en\/wp-json\/wp\/v2\/users\/1"}],"replies":[{"embeddable":true,"href":"https:\/\/msphotographics.de\/en\/wp-json\/wp\/v2\/comments?post=17"}],"version-history":[{"count":0,"href":"https:\/\/msphotographics.de\/en\/wp-json\/wp\/v2\/pages\/17\/revisions"}],"wp:attachment":[{"href":"https:\/\/msphotographics.de\/en\/wp-json\/wp\/v2\/media?parent=17"}],"curies":[{"name":"wp","href":"https:\/\/api.w.org\/{rel}","templated":true}]}}